{"id":3716,"date":"2024-07-26T16:33:17","date_gmt":"2024-07-26T13:33:17","guid":{"rendered":"https:\/\/www.geo-id.com\/?page_id=3716"},"modified":"2024-09-25T14:06:49","modified_gmt":"2024-09-25T11:06:49","slug":"iletisim","status":"publish","type":"page","link":"https:\/\/www.geo-id.com\/tr\/iletisim\/","title":{"rendered":"\u0130leti\u015fim"},"content":{"rendered":"<div class=\"wpb-content-wrapper\"><p>[vc_row unlock_row_content=&#8221;yes&#8221; row_height_percent=&#8221;0&#8243; overlay_alpha=&#8221;50&#8243; gutter_size=&#8221;3&#8243; column_width_percent=&#8221;100&#8243; shift_y=&#8221;0&#8243; z_index=&#8221;0&#8243; uncode_shortcode_id=&#8221;201237&#8243;][vc_column column_width_percent=&#8221;100&#8243; gutter_size=&#8221;3&#8243; overlay_alpha=&#8221;50&#8243; shift_x=&#8221;0&#8243; shift_y=&#8221;0&#8243; shift_y_down=&#8221;0&#8243; z_index=&#8221;0&#8243; medium_visibility=&#8221;yes&#8221; medium_width=&#8221;0&#8243; mobile_visibility=&#8221;yes&#8221; mobile_width=&#8221;0&#8243; width=&#8221;1\/3&#8243; uncode_shortcode_id=&#8221;136080&#8243;][vc_empty_space empty_h=&#8221;3&#8243;][vc_custom_heading text_size=&#8221;h3&#8243; uncode_shortcode_id=&#8221;116371&#8243;]\u0130LET\u0130\u015e\u0130M[\/vc_custom_heading][\/vc_column][vc_column column_width_percent=&#8221;100&#8243; gutter_size=&#8221;3&#8243; overlay_alpha=&#8221;50&#8243; shift_x=&#8221;0&#8243; shift_y=&#8221;0&#8243; shift_y_down=&#8221;0&#8243; z_index=&#8221;0&#8243; medium_visibility=&#8221;yes&#8221; medium_width=&#8221;0&#8243; mobile_visibility=&#8221;yes&#8221; mobile_width=&#8221;0&#8243; width=&#8221;1\/3&#8243; uncode_shortcode_id=&#8221;151922&#8243;][vc_empty_space empty_h=&#8221;3&#8243;][vc_custom_heading text_size=&#8221;h3&#8243; uncode_shortcode_id=&#8221;559748&#8243;]OF\u0130S[\/vc_custom_heading][\/vc_column][vc_column column_width_percent=&#8221;100&#8243; gutter_size=&#8221;3&#8243; overlay_alpha=&#8221;50&#8243; shift_x=&#8221;0&#8243; shift_y=&#8221;0&#8243; shift_y_down=&#8221;0&#8243; z_index=&#8221;0&#8243; medium_visibility=&#8221;yes&#8221; medium_width=&#8221;0&#8243; mobile_visibility=&#8221;yes&#8221; mobile_width=&#8221;0&#8243; width=&#8221;1\/3&#8243; uncode_shortcode_id=&#8221;614240&#8243;][vc_empty_space empty_h=&#8221;3&#8243;][vc_custom_heading text_size=&#8221;h3&#8243; uncode_shortcode_id=&#8221;113749&#8243;]HAR\u0130TA[\/vc_custom_heading][\/vc_column][\/vc_row][vc_row unlock_row_content=&#8221;yes&#8221; row_height_percent=&#8221;0&#8243; overlay_alpha=&#8221;50&#8243; gutter_size=&#8221;3&#8243; column_width_percent=&#8221;100&#8243; shift_y=&#8221;0&#8243; z_index=&#8221;0&#8243; medium_visibility=&#8221;yes&#8221; mobile_visibility=&#8221;yes&#8221; uncode_shortcode_id=&#8221;594021&#8243;][vc_column column_width_percent=&#8221;100&#8243; gutter_size=&#8221;3&#8243; overlay_alpha=&#8221;50&#8243; border_color=&#8221;color-uydo&#8221; border_style=&#8221;solid&#8221; shift_x=&#8221;0&#8243; shift_y=&#8221;0&#8243; shift_y_down=&#8221;0&#8243; z_index=&#8221;0&#8243; medium_width=&#8221;0&#8243; mobile_width=&#8221;0&#8243; width=&#8221;1\/3&#8243; uncode_shortcode_id=&#8221;140570&#8243; css=&#8221;.vc_custom_1721994301652{border-right-width: 1px !important;}&#8221; border_color_type=&#8221;uncode-palette&#8221;][vc_column_text text_lead=&#8221;yes&#8221; el_class=&#8221;custom_social&#8221; uncode_shortcode_id=&#8221;214653&#8243;]Yeni proje talepleri<br \/>\n<a href=\"mailto:newprojects@geo-id.com\" target=\"_blank\" rel=\"noopener noreferrer\"><span style=\"color: #000000;\">NEWPROJECTS@GEO-ID.COM<\/span><\/a><\/p>\n<p>Bas\u0131n talepleri<br \/>\n<a href=\"mailto:press@geo-id.com\" target=\"_blank\" rel=\"noopener noreferrer\"><span style=\"color: #000000;\">PRESS@GEO-ID.COM<\/span><\/a><\/p>\n<p>Kariyer ve Stajlar<br \/>\n<a href=\"mailto:careers@geo-id.com\" target=\"_blank\" rel=\"noopener noreferrer\"><span style=\"color: #000000;\">CAREERS@GEO-ID.COM<\/span><\/a><\/p>\n<p>Genel sorular<br \/>\n<a href=\"mailto:info@geo-id.com\" target=\"_blank\" rel=\"noopener noreferrer\"><span style=\"color: #000000;\">INFO@GEO-ID.COM<\/span><\/a>[\/vc_column_text][\/vc_column][vc_column column_width_percent=&#8221;100&#8243; gutter_size=&#8221;3&#8243; overlay_alpha=&#8221;50&#8243; border_color=&#8221;color-uydo&#8221; border_style=&#8221;solid&#8221; shift_x=&#8221;0&#8243; shift_y=&#8221;0&#8243; shift_y_down=&#8221;0&#8243; z_index=&#8221;0&#8243; medium_width=&#8221;0&#8243; mobile_width=&#8221;0&#8243; width=&#8221;1\/3&#8243; uncode_shortcode_id=&#8221;172851&#8243; css=&#8221;.vc_custom_1721994891845{border-right-width: 1px !important;}&#8221; border_color_type=&#8221;uncode-palette&#8221;][vc_column_text text_lead=&#8221;yes&#8221; el_class=&#8221;custom_contact&#8221; uncode_shortcode_id=&#8221;186517&#8243;]<a href=\"https:\/\/maps.app.goo.gl\/moR3EvcXQPmcEmUJ6\" target=\"_blank\" rel=\"noopener\"><span style=\"color: #000000;\">EVL\u0130YA \u00c7ELEB\u0130 MAH. ME\u015eRUT\u0130YET CAD.<\/span><\/a><br \/>\n<a href=\"https:\/\/maps.app.goo.gl\/moR3EvcXQPmcEmUJ6\"><span style=\"color: #000000;\">ANLAR \u0130\u015e HANI NO:94\/6 BEYO\u011eLU<\/span><\/a><br \/>\n<span style=\"color: #000000;\"><a href=\"https:\/\/maps.app.goo.gl\/moR3EvcXQPmcEmUJ6\">\u0130STANBUL, T\u00dcRK\u0130YE<\/a>\u00a0<\/span><\/p>\n<p><span style=\"color: #000000;\"><a style=\"color: #000000;\" href=\"tel:+902122365704\">+90 212 236 5704<\/a><\/span>[\/vc_column_text][vc_custom_heading text_size=&#8221;h3&#8243; uncode_shortcode_id=&#8221;193790&#8243;]SOSYAL[\/vc_custom_heading][vc_column_text text_lead=&#8221;yes&#8221; el_class=&#8221;custom_social&#8221; uncode_shortcode_id=&#8221;168120&#8243;]<a href=\"https:\/\/instagram.com\/geo__id\" target=\"_blank\" rel=\"noopener noreferrer\"><span style=\"color: #000000;\">INSTAGRAM<\/span><\/a><br \/>\n<a href=\"https:\/\/linkedin.com\/company\/geoidstudio\" target=\"_blank\" rel=\"noopener noreferrer\"><span style=\"color: #000000;\">LINKED-IN<\/span><\/a><br \/>\n<a href=\"https:\/\/www.facebook.com\/geoIDdesign\" target=\"_blank\" rel=\"noopener noreferrer\"><span style=\"color: #000000;\">FACEBOOK<\/span><\/a>[\/vc_column_text][\/vc_column][vc_column column_width_percent=&#8221;100&#8243; gutter_size=&#8221;3&#8243; overlay_alpha=&#8221;50&#8243; shift_x=&#8221;0&#8243; shift_y=&#8221;0&#8243; shift_y_down=&#8221;0&#8243; z_index=&#8221;0&#8243; medium_width=&#8221;0&#8243; mobile_width=&#8221;0&#8243; width=&#8221;1\/3&#8243; uncode_shortcode_id=&#8221;960260&#8243;][vc_gmaps latlon=&#8221;41.02823642686874, 28.972921630122116&#8243; size=&#8221;333&#8243; map_color=&#8221;color-xsdn&#8221; ui_color=&#8221;color-jevc&#8221; zoom=&#8221;17&#8243; map_saturation=&#8221;-90&#8243; map_brightness=&#8221;-3&#8243; uncode_shortcode_id=&#8221;339979&#8243; map_color_type=&#8221;uncode-palette&#8221; ui_color_type=&#8221;uncode-palette&#8221;][\/vc_column][\/vc_row][vc_row row_height_percent=&#8221;0&#8243; overlay_alpha=&#8221;50&#8243; gutter_size=&#8221;3&#8243; column_width_percent=&#8221;100&#8243; shift_y=&#8221;0&#8243; z_index=&#8221;0&#8243; desktop_visibility=&#8221;yes&#8221; uncode_shortcode_id=&#8221;279426&#8243;][vc_column width=&#8221;1\/3&#8243;][vc_custom_heading text_size=&#8221;h3&#8243; uncode_shortcode_id=&#8221;408381&#8243;]\u0130LET\u0130\u015e\u0130M[\/vc_custom_heading][vc_column_text text_lead=&#8221;yes&#8221; el_class=&#8221;custom_social&#8221; uncode_shortcode_id=&#8221;142430&#8243;]Yeni proje talepleri<br \/>\n<a href=\"mailto:newprojects@geo-id.com\" target=\"_blank\" rel=\"noopener noreferrer\"><span style=\"color: #000000;\">NEWPROJECTS@GEO-ID.COM<\/span><\/a><\/p>\n<p>Bas\u0131n talepleri<br \/>\n<a href=\"mailto:press@geo-id.com\" target=\"_blank\" rel=\"noopener noreferrer\"><span style=\"color: #000000;\">PRESS@GEO-ID.COM<\/span><\/a><\/p>\n<p>Kariyer ve Stajlar<br \/>\n<a href=\"mailto:careers@geo-id.com\" target=\"_blank\" rel=\"noopener noreferrer\"><span style=\"color: #000000;\">CAREERS@GEO-ID.COM<\/span><\/a><\/p>\n<p>Genel sorular<br \/>\n<a href=\"mailto:info@geo-id.com\" target=\"_blank\" rel=\"noopener noreferrer\"><span style=\"color: #000000;\">INFO@GEO-ID.COM<\/span><\/a>[\/vc_column_text][vc_separator sep_color=&#8221;&#8221; uncode_shortcode_id=&#8221;521417&#8243;][\/vc_column][vc_column width=&#8221;1\/3&#8243;][vc_custom_heading text_size=&#8221;h3&#8243; uncode_shortcode_id=&#8221;469519&#8243;]OF\u0130S[\/vc_custom_heading][vc_column_text text_lead=&#8221;yes&#8221; el_class=&#8221;custom_contact&#8221; uncode_shortcode_id=&#8221;186517&#8243;]<a href=\"https:\/\/maps.app.goo.gl\/moR3EvcXQPmcEmUJ6\" target=\"_blank\" rel=\"noopener\"><span style=\"color: #000000;\">EVL\u0130YA \u00c7ELEB\u0130 MAH. ME\u015eRUT\u0130YET CAD.<\/span><\/a><br \/>\n<a href=\"https:\/\/maps.app.goo.gl\/moR3EvcXQPmcEmUJ6\"><span style=\"color: #000000;\">ANLAR \u0130\u015e HANI NO:94\/6 BEYO\u011eLU<\/span><\/a><br \/>\n<span style=\"color: #000000;\"><a href=\"https:\/\/maps.app.goo.gl\/moR3EvcXQPmcEmUJ6\">\u0130STANBUL, T\u00dcRK\u0130YE<\/a>\u00a0<\/span><\/p>\n<p><span style=\"color: #000000;\"><a style=\"color: #000000;\" href=\"tel:+902122365704\">+90 212 236 5704<\/a><\/span>[\/vc_column_text][vc_custom_heading text_size=&#8221;h3&#8243; uncode_shortcode_id=&#8221;198844&#8243;]SOSYAL[\/vc_custom_heading][vc_column_text text_lead=&#8221;yes&#8221; el_class=&#8221;custom_social&#8221; uncode_shortcode_id=&#8221;168120&#8243;]<a href=\"https:\/\/instagram.com\/geo__id\" target=\"_blank\" rel=\"noopener noreferrer\"><span style=\"color: #000000;\">INSTAGRAM<\/span><\/a><br \/>\n<a href=\"https:\/\/linkedin.com\/company\/geoidstudio\" target=\"_blank\" rel=\"noopener noreferrer\"><span style=\"color: #000000;\">LINKED-IN<\/span><\/a><br \/>\n<a href=\"https:\/\/www.facebook.com\/geoIDdesign\" target=\"_blank\" rel=\"noopener noreferrer\"><span style=\"color: #000000;\">FACEBOOK<\/span><\/a>[\/vc_column_text][vc_separator sep_color=&#8221;&#8221; uncode_shortcode_id=&#8221;521417&#8243;][\/vc_column][vc_column width=&#8221;1\/3&#8243;][vc_custom_heading text_size=&#8221;h3&#8243; uncode_shortcode_id=&#8221;855532&#8243;]HAR\u0130TA[\/vc_custom_heading][vc_gmaps latlon=&#8221;41.02823642686874, 28.972921630122116&#8243; size=&#8221;333&#8243; map_color=&#8221;color-xsdn&#8221; ui_color=&#8221;color-jevc&#8221; zoom=&#8221;17&#8243; map_saturation=&#8221;-90&#8243; map_brightness=&#8221;-3&#8243; uncode_shortcode_id=&#8221;339979&#8243; map_color_type=&#8221;uncode-palette&#8221; ui_color_type=&#8221;uncode-palette&#8221;][\/vc_column][\/vc_row]<\/p>\n<\/div>","protected":false},"excerpt":{"rendered":"<p>[vc_row unlock_row_content=&#8221;yes&#8221; row_height_percent=&#8221;0&#8243; overlay_alpha=&#8221;50&#8243; gutter_size=&#8221;3&#8243; column_width_percent=&#8221;100&#8243; shift_y=&#8221;0&#8243; z_index=&#8221;0&#8243; uncode_shortcode_id=&#8221;201237&#8243;][vc_column column_width_percent=&#8221;100&#8243; gutter_size=&#8221;3&#8243; overlay_alpha=&#8221;50&#8243; shift_x=&#8221;0&#8243; shift_y=&#8221;0&#8243; shift_y_down=&#8221;0&#8243; z_index=&#8221;0&#8243; medium_visibility=&#8221;yes&#8221; medium_width=&#8221;0&#8243; mobile_visibility=&#8221;yes&#8221; mobile_width=&#8221;0&#8243; [&hellip;]<\/p>\n","protected":false},"author":1,"featured_media":0,"parent":0,"menu_order":0,"comment_status":"closed","ping_status":"closed","template":"","meta":{"_monsterinsights_skip_tracking":false,"_monsterinsights_sitenote_active":false,"_monsterinsights_sitenote_note":"","_monsterinsights_sitenote_category":0,"footnotes":""},"class_list":["post-3716","page","type-page","status-publish","hentry"],"yoast_head":"<!-- This site is optimized with the Yoast SEO plugin v27.5 - https:\/\/yoast.com\/product\/yoast-seo-wordpress\/ -->\n<title>\u0130leti\u015fim - GEO_ID<\/title>\n<meta name=\"robots\" content=\"index, follow, max-snippet:-1, max-image-preview:large, max-video-preview:-1\" \/>\n<link rel=\"canonical\" href=\"https:\/\/www.geo-id.com\/tr\/iletisim\/\" \/>\n<meta property=\"og:locale\" content=\"tr_TR\" \/>\n<meta property=\"og:type\" content=\"article\" \/>\n<meta property=\"og:title\" content=\"\u0130leti\u015fim - GEO_ID\" \/>\n<meta property=\"og:description\" content=\"[vc_row unlock_row_content=&#8221;yes&#8221; row_height_percent=&#8221;0&#8243; overlay_alpha=&#8221;50&#8243; gutter_size=&#8221;3&#8243; column_width_percent=&#8221;100&#8243; shift_y=&#8221;0&#8243; z_index=&#8221;0&#8243; uncode_shortcode_id=&#8221;201237&#8243;][vc_column column_width_percent=&#8221;100&#8243; gutter_size=&#8221;3&#8243; overlay_alpha=&#8221;50&#8243; shift_x=&#8221;0&#8243; shift_y=&#8221;0&#8243; shift_y_down=&#8221;0&#8243; z_index=&#8221;0&#8243; medium_visibility=&#8221;yes&#8221; medium_width=&#8221;0&#8243; mobile_visibility=&#8221;yes&#8221; mobile_width=&#8221;0&#8243; [&hellip;]\" \/>\n<meta property=\"og:url\" content=\"https:\/\/www.geo-id.com\/tr\/iletisim\/\" \/>\n<meta property=\"og:site_name\" content=\"GEO_ID\" \/>\n<meta property=\"article:publisher\" content=\"https:\/\/www.facebook.com\/geoIDdesign\" \/>\n<meta property=\"article:modified_time\" content=\"2024-09-25T11:06:49+00:00\" \/>\n<meta name=\"twitter:card\" content=\"summary_large_image\" \/>\n<meta name=\"twitter:site\" content=\"@geoIDdesign\" \/>\n<meta name=\"twitter:label1\" content=\"Tahmini okuma s\u00fcresi\" \/>\n\t<meta name=\"twitter:data1\" content=\"2 dakika\" \/>\n<script type=\"application\/ld+json\" class=\"yoast-schema-graph\">{\"@context\":\"https:\\\/\\\/schema.org\",\"@graph\":[{\"@type\":\"WebPage\",\"@id\":\"https:\\\/\\\/www.geo-id.com\\\/tr\\\/iletisim\\\/\",\"url\":\"https:\\\/\\\/www.geo-id.com\\\/tr\\\/iletisim\\\/\",\"name\":\"\u0130leti\u015fim - GEO_ID\",\"isPartOf\":{\"@id\":\"https:\\\/\\\/www.geo-id.com\\\/tr\\\/#website\"},\"datePublished\":\"2024-07-26T13:33:17+00:00\",\"dateModified\":\"2024-09-25T11:06:49+00:00\",\"breadcrumb\":{\"@id\":\"https:\\\/\\\/www.geo-id.com\\\/tr\\\/iletisim\\\/#breadcrumb\"},\"inLanguage\":\"tr\",\"potentialAction\":[{\"@type\":\"ReadAction\",\"target\":[\"https:\\\/\\\/www.geo-id.com\\\/tr\\\/iletisim\\\/\"]}]},{\"@type\":\"BreadcrumbList\",\"@id\":\"https:\\\/\\\/www.geo-id.com\\\/tr\\\/iletisim\\\/#breadcrumb\",\"itemListElement\":[{\"@type\":\"ListItem\",\"position\":1,\"name\":\"Home\",\"item\":\"https:\\\/\\\/www.geo-id.com\\\/tr\\\/\"},{\"@type\":\"ListItem\",\"position\":2,\"name\":\"\u0130leti\u015fim\"}]},{\"@type\":\"WebSite\",\"@id\":\"https:\\\/\\\/www.geo-id.com\\\/tr\\\/#website\",\"url\":\"https:\\\/\\\/www.geo-id.com\\\/tr\\\/\",\"name\":\"GEO_ID\",\"description\":\"Interior &amp; Identity Design\",\"potentialAction\":[{\"@type\":\"SearchAction\",\"target\":{\"@type\":\"EntryPoint\",\"urlTemplate\":\"https:\\\/\\\/www.geo-id.com\\\/tr\\\/?s={search_term_string}\"},\"query-input\":{\"@type\":\"PropertyValueSpecification\",\"valueRequired\":true,\"valueName\":\"search_term_string\"}}],\"inLanguage\":\"tr\"}]}<\/script>\n<!-- \/ Yoast SEO plugin. -->","yoast_head_json":{"title":"\u0130leti\u015fim - GEO_ID","robots":{"index":"index","follow":"follow","max-snippet":"max-snippet:-1","max-image-preview":"max-image-preview:large","max-video-preview":"max-video-preview:-1"},"canonical":"https:\/\/www.geo-id.com\/tr\/iletisim\/","og_locale":"tr_TR","og_type":"article","og_title":"\u0130leti\u015fim - GEO_ID","og_description":"[vc_row unlock_row_content=&#8221;yes&#8221; row_height_percent=&#8221;0&#8243; overlay_alpha=&#8221;50&#8243; gutter_size=&#8221;3&#8243; column_width_percent=&#8221;100&#8243; shift_y=&#8221;0&#8243; z_index=&#8221;0&#8243; uncode_shortcode_id=&#8221;201237&#8243;][vc_column column_width_percent=&#8221;100&#8243; gutter_size=&#8221;3&#8243; overlay_alpha=&#8221;50&#8243; shift_x=&#8221;0&#8243; shift_y=&#8221;0&#8243; shift_y_down=&#8221;0&#8243; z_index=&#8221;0&#8243; medium_visibility=&#8221;yes&#8221; medium_width=&#8221;0&#8243; mobile_visibility=&#8221;yes&#8221; mobile_width=&#8221;0&#8243; [&hellip;]","og_url":"https:\/\/www.geo-id.com\/tr\/iletisim\/","og_site_name":"GEO_ID","article_publisher":"https:\/\/www.facebook.com\/geoIDdesign","article_modified_time":"2024-09-25T11:06:49+00:00","twitter_card":"summary_large_image","twitter_site":"@geoIDdesign","twitter_misc":{"Tahmini okuma s\u00fcresi":"2 dakika"},"schema":{"@context":"https:\/\/schema.org","@graph":[{"@type":"WebPage","@id":"https:\/\/www.geo-id.com\/tr\/iletisim\/","url":"https:\/\/www.geo-id.com\/tr\/iletisim\/","name":"\u0130leti\u015fim - GEO_ID","isPartOf":{"@id":"https:\/\/www.geo-id.com\/tr\/#website"},"datePublished":"2024-07-26T13:33:17+00:00","dateModified":"2024-09-25T11:06:49+00:00","breadcrumb":{"@id":"https:\/\/www.geo-id.com\/tr\/iletisim\/#breadcrumb"},"inLanguage":"tr","potentialAction":[{"@type":"ReadAction","target":["https:\/\/www.geo-id.com\/tr\/iletisim\/"]}]},{"@type":"BreadcrumbList","@id":"https:\/\/www.geo-id.com\/tr\/iletisim\/#breadcrumb","itemListElement":[{"@type":"ListItem","position":1,"name":"Home","item":"https:\/\/www.geo-id.com\/tr\/"},{"@type":"ListItem","position":2,"name":"\u0130leti\u015fim"}]},{"@type":"WebSite","@id":"https:\/\/www.geo-id.com\/tr\/#website","url":"https:\/\/www.geo-id.com\/tr\/","name":"GEO_ID","description":"Interior &amp; Identity Design","potentialAction":[{"@type":"SearchAction","target":{"@type":"EntryPoint","urlTemplate":"https:\/\/www.geo-id.com\/tr\/?s={search_term_string}"},"query-input":{"@type":"PropertyValueSpecification","valueRequired":true,"valueName":"search_term_string"}}],"inLanguage":"tr"}]}},"_links":{"self":[{"href":"https:\/\/www.geo-id.com\/tr\/wp-json\/wp\/v2\/pages\/3716","targetHints":{"allow":["GET"]}}],"collection":[{"href":"https:\/\/www.geo-id.com\/tr\/wp-json\/wp\/v2\/pages"}],"about":[{"href":"https:\/\/www.geo-id.com\/tr\/wp-json\/wp\/v2\/types\/page"}],"author":[{"embeddable":true,"href":"https:\/\/www.geo-id.com\/tr\/wp-json\/wp\/v2\/users\/1"}],"replies":[{"embeddable":true,"href":"https:\/\/www.geo-id.com\/tr\/wp-json\/wp\/v2\/comments?post=3716"}],"version-history":[{"count":0,"href":"https:\/\/www.geo-id.com\/tr\/wp-json\/wp\/v2\/pages\/3716\/revisions"}],"wp:attachment":[{"href":"https:\/\/www.geo-id.com\/tr\/wp-json\/wp\/v2\/media?parent=3716"}],"curies":[{"name":"wp","href":"https:\/\/api.w.org\/{rel}","templated":true}]}}