{"id":698,"date":"2018-04-19T13:06:00","date_gmt":"2018-04-19T10:06:00","guid":{"rendered":"http:\/\/www.geo-id.com\/?page_id=698"},"modified":"2025-07-01T18:22:31","modified_gmt":"2025-07-01T15:22:31","slug":"anasayfa","status":"publish","type":"page","link":"https:\/\/www.geo-id.com\/tr\/","title":{"rendered":"Anasayfa"},"content":{"rendered":"","protected":false},"excerpt":{"rendered":"","protected":false},"author":1,"featured_media":0,"parent":0,"menu_order":0,"comment_status":"closed","ping_status":"closed","template":"","meta":{"_monsterinsights_skip_tracking":false,"_monsterinsights_sitenote_active":false,"_monsterinsights_sitenote_note":"","_monsterinsights_sitenote_category":0,"footnotes":""},"class_list":["post-698","page","type-page","status-publish","hentry"],"yoast_head":"<!-- This site is optimized with the Yoast SEO plugin v27.4 - https:\/\/yoast.com\/product\/yoast-seo-wordpress\/ -->\n<title>GEO_ID<\/title>\n<meta name=\"description\" content=\"GEO_ID 2013 y\u0131l\u0131nda, GEOMIM ortakl\u0131\u011f\u0131nda kurulmu\u015f bir tasar\u0131m ofisidir. Mekanlar i\u00e7in yeni kimlik ile beraber benzersiz alanlar yarat\u0131r.\" \/>\n<meta name=\"robots\" content=\"index, follow, max-snippet:-1, max-image-preview:large, max-video-preview:-1\" \/>\n<link rel=\"canonical\" href=\"https:\/\/www.geo-id.com\/tr\/\" \/>\n<meta property=\"og:locale\" content=\"tr_TR\" \/>\n<meta property=\"og:type\" content=\"article\" \/>\n<meta property=\"og:title\" content=\"GEO_ID\" \/>\n<meta property=\"og:description\" content=\"GEO_ID 2013 y\u0131l\u0131nda, GEOMIM ortakl\u0131\u011f\u0131nda kurulmu\u015f bir tasar\u0131m ofisidir. Mekanlar i\u00e7in yeni kimlik ile beraber benzersiz alanlar yarat\u0131r.\" \/>\n<meta property=\"og:url\" content=\"https:\/\/www.geo-id.com\/tr\/\" \/>\n<meta property=\"og:site_name\" content=\"GEO_ID\" \/>\n<meta property=\"article:publisher\" content=\"https:\/\/www.facebook.com\/geoIDdesign\" \/>\n<meta property=\"article:modified_time\" content=\"2025-07-01T15:22:31+00:00\" \/>\n<meta name=\"twitter:card\" content=\"summary_large_image\" \/>\n<meta name=\"twitter:site\" content=\"@geoIDdesign\" \/>\n<script type=\"application\/ld+json\" class=\"yoast-schema-graph\">{\"@context\":\"https:\\\/\\\/schema.org\",\"@graph\":[{\"@type\":\"WebPage\",\"@id\":\"https:\\\/\\\/www.geo-id.com\\\/tr\\\/\",\"url\":\"https:\\\/\\\/www.geo-id.com\\\/tr\\\/\",\"name\":\"GEO_ID\",\"isPartOf\":{\"@id\":\"https:\\\/\\\/www.geo-id.com\\\/tr\\\/#website\"},\"datePublished\":\"2018-04-19T10:06:00+00:00\",\"dateModified\":\"2025-07-01T15:22:31+00:00\",\"description\":\"GEO_ID 2013 y\u0131l\u0131nda, GEOMIM ortakl\u0131\u011f\u0131nda kurulmu\u015f bir tasar\u0131m ofisidir. Mekanlar i\u00e7in yeni kimlik ile beraber benzersiz alanlar yarat\u0131r.\",\"breadcrumb\":{\"@id\":\"https:\\\/\\\/www.geo-id.com\\\/tr\\\/#breadcrumb\"},\"inLanguage\":\"tr\",\"potentialAction\":[{\"@type\":\"ReadAction\",\"target\":[\"https:\\\/\\\/www.geo-id.com\\\/tr\\\/\"]}]},{\"@type\":\"BreadcrumbList\",\"@id\":\"https:\\\/\\\/www.geo-id.com\\\/tr\\\/#breadcrumb\",\"itemListElement\":[{\"@type\":\"ListItem\",\"position\":1,\"name\":\"Home\",\"item\":\"https:\\\/\\\/www.geo-id.com\\\/tr\\\/\"},{\"@type\":\"ListItem\",\"position\":2,\"name\":\"Anasayfa\"}]},{\"@type\":\"WebSite\",\"@id\":\"https:\\\/\\\/www.geo-id.com\\\/tr\\\/#website\",\"url\":\"https:\\\/\\\/www.geo-id.com\\\/tr\\\/\",\"name\":\"GEO_ID\",\"description\":\"Interior &amp; Identity Design\",\"potentialAction\":[{\"@type\":\"SearchAction\",\"target\":{\"@type\":\"EntryPoint\",\"urlTemplate\":\"https:\\\/\\\/www.geo-id.com\\\/tr\\\/?s={search_term_string}\"},\"query-input\":{\"@type\":\"PropertyValueSpecification\",\"valueRequired\":true,\"valueName\":\"search_term_string\"}}],\"inLanguage\":\"tr\"}]}<\/script>\n<!-- \/ Yoast SEO plugin. -->","yoast_head_json":{"title":"GEO_ID","description":"GEO_ID 2013 y\u0131l\u0131nda, GEOMIM ortakl\u0131\u011f\u0131nda kurulmu\u015f bir tasar\u0131m ofisidir. Mekanlar i\u00e7in yeni kimlik ile beraber benzersiz alanlar yarat\u0131r.","robots":{"index":"index","follow":"follow","max-snippet":"max-snippet:-1","max-image-preview":"max-image-preview:large","max-video-preview":"max-video-preview:-1"},"canonical":"https:\/\/www.geo-id.com\/tr\/","og_locale":"tr_TR","og_type":"article","og_title":"GEO_ID","og_description":"GEO_ID 2013 y\u0131l\u0131nda, GEOMIM ortakl\u0131\u011f\u0131nda kurulmu\u015f bir tasar\u0131m ofisidir. Mekanlar i\u00e7in yeni kimlik ile beraber benzersiz alanlar yarat\u0131r.","og_url":"https:\/\/www.geo-id.com\/tr\/","og_site_name":"GEO_ID","article_publisher":"https:\/\/www.facebook.com\/geoIDdesign","article_modified_time":"2025-07-01T15:22:31+00:00","twitter_card":"summary_large_image","twitter_site":"@geoIDdesign","schema":{"@context":"https:\/\/schema.org","@graph":[{"@type":"WebPage","@id":"https:\/\/www.geo-id.com\/tr\/","url":"https:\/\/www.geo-id.com\/tr\/","name":"GEO_ID","isPartOf":{"@id":"https:\/\/www.geo-id.com\/tr\/#website"},"datePublished":"2018-04-19T10:06:00+00:00","dateModified":"2025-07-01T15:22:31+00:00","description":"GEO_ID 2013 y\u0131l\u0131nda, GEOMIM ortakl\u0131\u011f\u0131nda kurulmu\u015f bir tasar\u0131m ofisidir. Mekanlar i\u00e7in yeni kimlik ile beraber benzersiz alanlar yarat\u0131r.","breadcrumb":{"@id":"https:\/\/www.geo-id.com\/tr\/#breadcrumb"},"inLanguage":"tr","potentialAction":[{"@type":"ReadAction","target":["https:\/\/www.geo-id.com\/tr\/"]}]},{"@type":"BreadcrumbList","@id":"https:\/\/www.geo-id.com\/tr\/#breadcrumb","itemListElement":[{"@type":"ListItem","position":1,"name":"Home","item":"https:\/\/www.geo-id.com\/tr\/"},{"@type":"ListItem","position":2,"name":"Anasayfa"}]},{"@type":"WebSite","@id":"https:\/\/www.geo-id.com\/tr\/#website","url":"https:\/\/www.geo-id.com\/tr\/","name":"GEO_ID","description":"Interior &amp; Identity Design","potentialAction":[{"@type":"SearchAction","target":{"@type":"EntryPoint","urlTemplate":"https:\/\/www.geo-id.com\/tr\/?s={search_term_string}"},"query-input":{"@type":"PropertyValueSpecification","valueRequired":true,"valueName":"search_term_string"}}],"inLanguage":"tr"}]}},"_links":{"self":[{"href":"https:\/\/www.geo-id.com\/tr\/wp-json\/wp\/v2\/pages\/698","targetHints":{"allow":["GET"]}}],"collection":[{"href":"https:\/\/www.geo-id.com\/tr\/wp-json\/wp\/v2\/pages"}],"about":[{"href":"https:\/\/www.geo-id.com\/tr\/wp-json\/wp\/v2\/types\/page"}],"author":[{"embeddable":true,"href":"https:\/\/www.geo-id.com\/tr\/wp-json\/wp\/v2\/users\/1"}],"replies":[{"embeddable":true,"href":"https:\/\/www.geo-id.com\/tr\/wp-json\/wp\/v2\/comments?post=698"}],"version-history":[{"count":2,"href":"https:\/\/www.geo-id.com\/tr\/wp-json\/wp\/v2\/pages\/698\/revisions"}],"predecessor-version":[{"id":3909,"href":"https:\/\/www.geo-id.com\/tr\/wp-json\/wp\/v2\/pages\/698\/revisions\/3909"}],"wp:attachment":[{"href":"https:\/\/www.geo-id.com\/tr\/wp-json\/wp\/v2\/media?parent=698"}],"curies":[{"name":"wp","href":"https:\/\/api.w.org\/{rel}","templated":true}]}}