{"id":700,"date":"2018-04-19T13:14:27","date_gmt":"2018-04-19T10:14:27","guid":{"rendered":"http:\/\/www.geo-id.com\/?page_id=700"},"modified":"2022-12-20T15:21:25","modified_gmt":"2022-12-20T12:21:25","slug":"hakkinda","status":"publish","type":"page","link":"https:\/\/www.geo-id.com\/tr\/hakkinda\/","title":{"rendered":"Hakk\u0131nda"},"content":{"rendered":"<div class=\"wpb-content-wrapper\"><p>[vc_row][vc_column][vc_empty_space empty_h=&#8221;2&#8243;][vc_custom_heading text_color=&#8221;color-jevc&#8221; heading_semantic=&#8221;h1&#8243; text_font=&#8221;font-377884&#8243; text_weight=&#8221;100&#8243; css_animation=&#8221;alpha-anim&#8221; animation_speed=&#8221;600&#8243; uncode_shortcode_id=&#8221;108294&#8243; text_color_type=&#8221;uncode-palette&#8221;]2013 y\u0131l\u0131nda GEO ortakl\u0131\u011f\u0131nda kurulan Geo_ID, \u0130stanbul merkezli multidisipliner bir tasar\u0131m st\u00fcdyosudur.<\/p>\n<p>&nbsp;<\/p>\n<p>Farkl\u0131 disiplinlerden gelen yarat\u0131c\u0131 gen\u00e7 ekibimiz ile Geo_ID \u2018de tasar\u0131m\u0131n farkl\u0131 alan ve \u00f6l\u00e7eklerinde \u00f6ne \u00e7\u0131kan \u00f6zg\u00fcn anlat\u0131lar geli\u015ftiriyoruz; marka kimli\u011finden \u00fcr\u00fcn tasar\u0131m\u0131na, paketlemeden prod\u00fcksiyona, styling ve i\u00e7 mek\u00e2n tasar\u0131m\u0131na kadar. Kullan\u0131c\u0131lar\u0131n spesifik gereksinim ve istekleri i\u00e7in ideal tasar\u0131mlar yap\u0131yor ve projelere duygu katan bir dil yakalamaya \u00f6zen g\u00f6steriyoruz. Her zaman yeniyi ara\u015ft\u0131r\u0131yor, \u00e7a\u011f\u0131n dinamikleri ve hayat tarzlar\u0131ndaki de\u011fi\u015fimleri yak\u0131ndan takip ederek hem \u00e7a\u011fda\u015f hem de ait oldu\u011fu k\u00fclt\u00fcrel de\u011ferleri yans\u0131tan mekanlar tasarl\u0131yoruz.[\/vc_custom_heading][vc_empty_space empty_h=&#8221;3&#8243;][\/vc_column][\/vc_row][vc_row unlock_row_content=&#8221;yes&#8221; row_height_percent=&#8221;0&#8243; override_padding=&#8221;yes&#8221; h_padding=&#8221;0&#8243; top_padding=&#8221;2&#8243; bottom_padding=&#8221;0&#8243; back_color=&#8221;color-jevc&#8221; overlay_alpha=&#8221;50&#8243; gutter_size=&#8221;3&#8243; column_width_percent=&#8221;100&#8243; shift_y=&#8221;0&#8243; z_index=&#8221;0&#8243;][vc_column column_width_percent=&#8221;100&#8243; gutter_size=&#8221;3&#8243; style=&#8221;dark&#8221; overlay_alpha=&#8221;50&#8243; shift_x=&#8221;0&#8243; shift_y=&#8221;0&#8243; shift_y_down=&#8221;0&#8243; z_index=&#8221;0&#8243; medium_width=&#8221;0&#8243; mobile_width=&#8221;0&#8243; width=&#8221;1\/2&#8243;][vc_gallery el_id=&#8221;gallery-127943&#8243; medias=&#8221;531&#8243; gutter_size=&#8221;0&#8243; media_items=&#8221;media|nolink|original,title,caption&#8221; screen_lg=&#8221;1000&#8243; screen_md=&#8221;600&#8243; screen_sm=&#8221;480&#8243; single_width=&#8221;6&#8243; single_overlay_color=&#8221;color-jevc&#8221; single_overlay_opacity=&#8221;1&#8243; single_overlay_visible=&#8221;yes&#8221; single_text_visible=&#8221;yes&#8221; single_text_anim=&#8221;no&#8221; single_image_anim=&#8221;no&#8221; single_v_position=&#8221;top&#8221; single_padding=&#8221;2&#8243; single_title_transform=&#8221;uppercase&#8221; single_border=&#8221;yes&#8221; single_css_animation=&#8221;bottom-t-top&#8221; items=&#8221;eyIyMTVfaSI6eyJzaW5nbGVfd2lkdGgiOiI2In0sIjIyMl9pIjp7InNpbmdsZV93aWR0aCI6IjYifSwiODI2X2kiOnsic2luZ2xlX3dpZHRoIjoiNiJ9LCI4MjhfaSI6eyJzaW5nbGVfd2lkdGgiOiI2In19&#8243; el_class=&#8221;mobile_team&#8221;][vc_row_inner][vc_column_inner column_width_percent=&#8221;100&#8243; position_vertical=&#8221;middle&#8221; gutter_size=&#8221;3&#8243; override_padding=&#8221;yes&#8221; column_padding=&#8221;3&#8243; style=&#8221;dark&#8221; overlay_alpha=&#8221;50&#8243; shift_x=&#8221;0&#8243; shift_y=&#8221;0&#8243; shift_y_down=&#8221;0&#8243; z_index=&#8221;0&#8243; medium_width=&#8221;0&#8243; mobile_width=&#8221;0&#8243; width=&#8221;1\/1&#8243;][vc_column_text]Mahmut Anlar, Mimar Sinan \u00dcniversitesi G\u00fczel Sanatlar Akademisi&#8217;nde mimarl\u0131k okudu ve 1991 y\u0131l\u0131nda GeoMIM&#8217;i kurdu. Yirmi be\u015f y\u0131l\u0131 a\u015fan prati\u011finde \u00e7ok say\u0131da bar, restoran, gece kul\u00fcb\u00fc, sinema ve fitness merkezi projesi ger\u00e7ekle\u015ftirdi. Ad\u0131 e\u011flence sekt\u00f6r\u00fcn\u00fcn mimar\u0131 olarak markala\u015f\u0131rken, projeleri de \u0130stanbul gece hayat\u0131n\u0131n \u00f6nde gelen mekanlar\u0131 haline geldi. \u0130\u00e7 mimarinin s\u0131n\u0131rlar\u0131n\u0131 a\u015fan prati\u011fini 2013 y\u0131l\u0131nda Tu\u011f\u00e7e Rizeli ile birlikte kurdu\u011fu Geo_ID tasar\u0131m st\u00fcdyosu ile yeniden tan\u0131mlayan Anlar, uygulama yelpazesini farkl\u0131 tasar\u0131m alanlar\u0131nda devam ettiriyor.[\/vc_column_text][\/vc_column_inner][\/vc_row_inner][\/vc_column][vc_column column_width_percent=&#8221;100&#8243; gutter_size=&#8221;3&#8243; style=&#8221;dark&#8221; overlay_alpha=&#8221;50&#8243; shift_x=&#8221;0&#8243; shift_y=&#8221;0&#8243; shift_y_down=&#8221;0&#8243; z_index=&#8221;0&#8243; medium_width=&#8221;0&#8243; mobile_width=&#8221;0&#8243; width=&#8221;1\/2&#8243;][vc_gallery el_id=&#8221;gallery-127943&#8243; medias=&#8221;538&#8243; gutter_size=&#8221;0&#8243; media_items=&#8221;media|nolink|original,title,caption&#8221; screen_lg=&#8221;1000&#8243; screen_md=&#8221;600&#8243; screen_sm=&#8221;480&#8243; single_width=&#8221;6&#8243; single_overlay_color=&#8221;color-jevc&#8221; single_overlay_opacity=&#8221;1&#8243; single_text_visible=&#8221;yes&#8221; single_text_anim=&#8221;no&#8221; single_image_anim=&#8221;no&#8221; single_v_position=&#8221;top&#8221; single_padding=&#8221;2&#8243; single_title_transform=&#8221;uppercase&#8221; single_border=&#8221;yes&#8221; single_css_animation=&#8221;bottom-t-top&#8221; items=&#8221;eyIyMTVfaSI6eyJzaW5nbGVfd2lkdGgiOiI2In0sIjIyMl9pIjp7InNpbmdsZV93aWR0aCI6IjYifSwiODI2X2kiOnsic2luZ2xlX3dpZHRoIjoiNiJ9LCI4MjhfaSI6eyJzaW5nbGVfd2lkdGgiOiI2In19&#8243; el_class=&#8221;mobile_team&#8221;][vc_row_inner][vc_column_inner column_width_percent=&#8221;100&#8243; position_vertical=&#8221;middle&#8221; gutter_size=&#8221;3&#8243; override_padding=&#8221;yes&#8221; column_padding=&#8221;3&#8243; style=&#8221;dark&#8221; overlay_alpha=&#8221;50&#8243; shift_x=&#8221;0&#8243; shift_y=&#8221;0&#8243; shift_y_down=&#8221;0&#8243; z_index=&#8221;0&#8243; medium_width=&#8221;0&#8243; mobile_width=&#8221;0&#8243; width=&#8221;1\/1&#8243;][vc_column_text]Tu\u011f\u00e7e Rizeli, Y\u0131ld\u0131z Teknik \u00dcniversitesi Mimarl\u0131k B\u00f6l\u00fcm\u00fc&#8217;n\u00fc tamamlad\u0131 ve e\u011fitimine Politecnico Di Milano\u2019da devam etti. 2009 y\u0131l\u0131nda GeoMIM&#8217;e kat\u0131ld\u0131. Mimarl\u0131k ve i\u00e7 mimari aras\u0131ndaki dengeyi disiplinler aras\u0131nda ince ba\u011flant\u0131lar kurarak sorgulayan projeler \u00fcreten ve mekan\u0131n ruhunu tasar\u0131m yakla\u015f\u0131m\u0131n\u0131n oda\u011f\u0131na alan Rizeli\u2019nin vizyonu 2013\u2019den bu yana, Geo_ID\u2019nin projelerine y\u00f6n veriyor. Profesyonel \u00e7al\u0131\u015fmalar\u0131n\u0131n yan\u0131 s\u0131ra, T\u00fcrkiye&#8217;de \u00e7e\u015fitli \u00fcniversitelerde ders veriyor ve tasar\u0131m st\u00fcdyosu j\u00fcri panellerine kat\u0131l\u0131yor.[\/vc_column_text][\/vc_column_inner][\/vc_row_inner][\/vc_column][\/vc_row]<\/p>\n<\/div>","protected":false},"excerpt":{"rendered":"<p>[vc_row][vc_column][vc_empty_space empty_h=&#8221;2&#8243;][vc_custom_heading text_color=&#8221;color-jevc&#8221; heading_semantic=&#8221;h1&#8243; text_font=&#8221;font-377884&#8243; text_weight=&#8221;100&#8243; css_animation=&#8221;alpha-anim&#8221; animation_speed=&#8221;600&#8243; uncode_shortcode_id=&#8221;108294&#8243; text_color_type=&#8221;uncode-palette&#8221;]2013 y\u0131l\u0131nda GEO ortakl\u0131\u011f\u0131nda kurulan Geo_ID, \u0130stanbul merkezli multidisipliner bir tasar\u0131m [&hellip;]<\/p>\n","protected":false},"author":1,"featured_media":0,"parent":0,"menu_order":0,"comment_status":"closed","ping_status":"closed","template":"","meta":{"_monsterinsights_skip_tracking":false,"_monsterinsights_sitenote_active":false,"_monsterinsights_sitenote_note":"","_monsterinsights_sitenote_category":0,"footnotes":""},"class_list":["post-700","page","type-page","status-publish","hentry"],"yoast_head":"<!-- This site is optimized with the Yoast SEO plugin v27.5 - https:\/\/yoast.com\/product\/yoast-seo-wordpress\/ -->\n<title>Hakk\u0131nda - GEO_ID<\/title>\n<meta name=\"description\" content=\"GEO_ID 2013 y\u0131l\u0131nda, GEOMIM ortakl\u0131\u011f\u0131nda kurulmu\u015f bir tasar\u0131m ofisidir.\" \/>\n<meta name=\"robots\" content=\"index, follow, max-snippet:-1, max-image-preview:large, max-video-preview:-1\" \/>\n<link rel=\"canonical\" href=\"https:\/\/www.geo-id.com\/tr\/hakkinda\/\" \/>\n<meta property=\"og:locale\" content=\"tr_TR\" \/>\n<meta property=\"og:type\" content=\"article\" \/>\n<meta property=\"og:title\" content=\"Hakk\u0131nda - GEO_ID\" \/>\n<meta property=\"og:description\" content=\"GEO_ID 2013 y\u0131l\u0131nda, GEOMIM ortakl\u0131\u011f\u0131nda kurulmu\u015f bir tasar\u0131m ofisidir.\" \/>\n<meta property=\"og:url\" content=\"https:\/\/www.geo-id.com\/tr\/hakkinda\/\" \/>\n<meta property=\"og:site_name\" content=\"GEO_ID\" \/>\n<meta property=\"article:publisher\" content=\"https:\/\/www.facebook.com\/geoIDdesign\" \/>\n<meta property=\"article:modified_time\" content=\"2022-12-20T12:21:25+00:00\" \/>\n<meta name=\"twitter:card\" content=\"summary_large_image\" \/>\n<meta name=\"twitter:site\" content=\"@geoIDdesign\" \/>\n<meta name=\"twitter:label1\" content=\"Tahmini okuma s\u00fcresi\" \/>\n\t<meta name=\"twitter:data1\" content=\"2 dakika\" \/>\n<script type=\"application\/ld+json\" class=\"yoast-schema-graph\">{\"@context\":\"https:\\\/\\\/schema.org\",\"@graph\":[{\"@type\":\"WebPage\",\"@id\":\"https:\\\/\\\/www.geo-id.com\\\/tr\\\/hakkinda\\\/\",\"url\":\"https:\\\/\\\/www.geo-id.com\\\/tr\\\/hakkinda\\\/\",\"name\":\"Hakk\u0131nda - GEO_ID\",\"isPartOf\":{\"@id\":\"https:\\\/\\\/www.geo-id.com\\\/tr\\\/#website\"},\"datePublished\":\"2018-04-19T10:14:27+00:00\",\"dateModified\":\"2022-12-20T12:21:25+00:00\",\"description\":\"GEO_ID 2013 y\u0131l\u0131nda, GEOMIM ortakl\u0131\u011f\u0131nda kurulmu\u015f bir tasar\u0131m ofisidir.\",\"breadcrumb\":{\"@id\":\"https:\\\/\\\/www.geo-id.com\\\/tr\\\/hakkinda\\\/#breadcrumb\"},\"inLanguage\":\"tr\",\"potentialAction\":[{\"@type\":\"ReadAction\",\"target\":[\"https:\\\/\\\/www.geo-id.com\\\/tr\\\/hakkinda\\\/\"]}]},{\"@type\":\"BreadcrumbList\",\"@id\":\"https:\\\/\\\/www.geo-id.com\\\/tr\\\/hakkinda\\\/#breadcrumb\",\"itemListElement\":[{\"@type\":\"ListItem\",\"position\":1,\"name\":\"Home\",\"item\":\"https:\\\/\\\/www.geo-id.com\\\/tr\\\/\"},{\"@type\":\"ListItem\",\"position\":2,\"name\":\"Hakk\u0131nda\"}]},{\"@type\":\"WebSite\",\"@id\":\"https:\\\/\\\/www.geo-id.com\\\/tr\\\/#website\",\"url\":\"https:\\\/\\\/www.geo-id.com\\\/tr\\\/\",\"name\":\"GEO_ID\",\"description\":\"Interior &amp; Identity Design\",\"potentialAction\":[{\"@type\":\"SearchAction\",\"target\":{\"@type\":\"EntryPoint\",\"urlTemplate\":\"https:\\\/\\\/www.geo-id.com\\\/tr\\\/?s={search_term_string}\"},\"query-input\":{\"@type\":\"PropertyValueSpecification\",\"valueRequired\":true,\"valueName\":\"search_term_string\"}}],\"inLanguage\":\"tr\"}]}<\/script>\n<!-- \/ Yoast SEO plugin. -->","yoast_head_json":{"title":"Hakk\u0131nda - GEO_ID","description":"GEO_ID 2013 y\u0131l\u0131nda, GEOMIM ortakl\u0131\u011f\u0131nda kurulmu\u015f bir tasar\u0131m ofisidir.","robots":{"index":"index","follow":"follow","max-snippet":"max-snippet:-1","max-image-preview":"max-image-preview:large","max-video-preview":"max-video-preview:-1"},"canonical":"https:\/\/www.geo-id.com\/tr\/hakkinda\/","og_locale":"tr_TR","og_type":"article","og_title":"Hakk\u0131nda - GEO_ID","og_description":"GEO_ID 2013 y\u0131l\u0131nda, GEOMIM ortakl\u0131\u011f\u0131nda kurulmu\u015f bir tasar\u0131m ofisidir.","og_url":"https:\/\/www.geo-id.com\/tr\/hakkinda\/","og_site_name":"GEO_ID","article_publisher":"https:\/\/www.facebook.com\/geoIDdesign","article_modified_time":"2022-12-20T12:21:25+00:00","twitter_card":"summary_large_image","twitter_site":"@geoIDdesign","twitter_misc":{"Tahmini okuma s\u00fcresi":"2 dakika"},"schema":{"@context":"https:\/\/schema.org","@graph":[{"@type":"WebPage","@id":"https:\/\/www.geo-id.com\/tr\/hakkinda\/","url":"https:\/\/www.geo-id.com\/tr\/hakkinda\/","name":"Hakk\u0131nda - GEO_ID","isPartOf":{"@id":"https:\/\/www.geo-id.com\/tr\/#website"},"datePublished":"2018-04-19T10:14:27+00:00","dateModified":"2022-12-20T12:21:25+00:00","description":"GEO_ID 2013 y\u0131l\u0131nda, GEOMIM ortakl\u0131\u011f\u0131nda kurulmu\u015f bir tasar\u0131m ofisidir.","breadcrumb":{"@id":"https:\/\/www.geo-id.com\/tr\/hakkinda\/#breadcrumb"},"inLanguage":"tr","potentialAction":[{"@type":"ReadAction","target":["https:\/\/www.geo-id.com\/tr\/hakkinda\/"]}]},{"@type":"BreadcrumbList","@id":"https:\/\/www.geo-id.com\/tr\/hakkinda\/#breadcrumb","itemListElement":[{"@type":"ListItem","position":1,"name":"Home","item":"https:\/\/www.geo-id.com\/tr\/"},{"@type":"ListItem","position":2,"name":"Hakk\u0131nda"}]},{"@type":"WebSite","@id":"https:\/\/www.geo-id.com\/tr\/#website","url":"https:\/\/www.geo-id.com\/tr\/","name":"GEO_ID","description":"Interior &amp; Identity Design","potentialAction":[{"@type":"SearchAction","target":{"@type":"EntryPoint","urlTemplate":"https:\/\/www.geo-id.com\/tr\/?s={search_term_string}"},"query-input":{"@type":"PropertyValueSpecification","valueRequired":true,"valueName":"search_term_string"}}],"inLanguage":"tr"}]}},"_links":{"self":[{"href":"https:\/\/www.geo-id.com\/tr\/wp-json\/wp\/v2\/pages\/700","targetHints":{"allow":["GET"]}}],"collection":[{"href":"https:\/\/www.geo-id.com\/tr\/wp-json\/wp\/v2\/pages"}],"about":[{"href":"https:\/\/www.geo-id.com\/tr\/wp-json\/wp\/v2\/types\/page"}],"author":[{"embeddable":true,"href":"https:\/\/www.geo-id.com\/tr\/wp-json\/wp\/v2\/users\/1"}],"replies":[{"embeddable":true,"href":"https:\/\/www.geo-id.com\/tr\/wp-json\/wp\/v2\/comments?post=700"}],"version-history":[{"count":0,"href":"https:\/\/www.geo-id.com\/tr\/wp-json\/wp\/v2\/pages\/700\/revisions"}],"wp:attachment":[{"href":"https:\/\/www.geo-id.com\/tr\/wp-json\/wp\/v2\/media?parent=700"}],"curies":[{"name":"wp","href":"https:\/\/api.w.org\/{rel}","templated":true}]}}